{"id":834,"date":"2018-08-31T23:17:50","date_gmt":"2018-09-01T05:17:50","guid":{"rendered":"https:\/\/todovalle.com\/bienes-raices-en-valle-de-bravo\/?page_id=834"},"modified":"2023-05-19T00:03:01","modified_gmt":"2023-05-19T06:03:01","slug":"politica-de-privacidad","status":"publish","type":"page","link":"https:\/\/todovalle.com\/bienes-raices-en-valle-de-bravo\/politica-de-privacidad\/","title":{"rendered":"Pol\u00edtica de privacidad"},"content":{"rendered":"<div>\n<div>\n<h2>Aviso de Privacidad Integral de\u00a0<a href=\"https:\/\/www.todovalle.com\/\">todovalle.com<\/a><\/h2>\n<p>TodoValle.com con domicilio en Marina Nacional 133, Colonia Santa mar\u00eda Ahuacatl\u00e1n, Valle de Bravo Edo. de M\u00e9xico, M\u00e9xico, C\u00f3digo Postal 51200, es el sujeto obligado y responsable del tratamiento de los datos personales que se recaban \u00a0a trav\u00e9s de todovalle.com, los cuales ser\u00e1n protegidos conforme a lo dispuesto por la Ley General de Protecci\u00f3n de Datos Personales en Posesi\u00f3n de Sujetos Obligados, y dem\u00e1s normatividad que resulte aplicable.<\/p>\n<p>Los datos personales recolectados por los formularios dentro del portal todovalle.com, o por cualquier otro sujeto obligado que utilice todovalle.com para la prestaci\u00f3n de alg\u00fan servicio digital y que recabe datos personales, ser\u00e1n tratados bajo su responsabilidad, conforme a sus atribuciones legales y el aviso de privacidad correspondiente.<\/p>\n<h5>Datos personales que se recolectan en todovalle.com y la finalidad del tratamiento<\/h5>\n<p>Los datos personales recabados a trav\u00e9s de la de\u00a0<a href=\"https:\/\/www.todovalle.com\/\">todovalle.com<\/a>, son: correo electr\u00f3nico y nombre.<\/p>\n<p>todovalle.com no est\u00e1 condicionado a proporcionar el correo electr\u00f3nico, este dato personal se recopila como dato opcional, para que el usuario reciba mayor y mejor informaci\u00f3n.<\/p>\n<p>Se informa que no se recabar\u00e1n datos personales sensibles.<\/p>\n<p>Ser\u00e1n utilizados para las siguiente finalidades:<\/p>\n<ol type=\"a\">\n<li>Hacerte llegar el bolet\u00edn de\u00a0<a href=\"https:\/\/www.todovalle.com\/\">todovalle.com<\/a>.<\/li>\n<li>Habilitar el sistema para que puedas hacer comentarios.<\/li>\n<\/ol>\n<h5>Uso de Cookies<\/h5>\n<p>todovalle.com utiliza cookies para ayudar a obtener informaci\u00f3n que nos permite mejorar tu experiencia como usuario y brindarte un mejor servicio.<\/p>\n<p>En cualquier momento puede eliminar las cookies accediendo a las preferencias de configuraci\u00f3n de su navegador.<\/p>\n<h5>Fundamento legal para llevar a cabo el tratamiento<\/h5>\n<p>La UGD trata los datos personales antes se\u00f1alados con fundamento en los art\u00edculos 6\u00b0 Base A y 16 segundo p\u00e1rrafo de la\u00a0<a href=\"http:\/\/www.ordenjuridico.gob.mx\/Constitucion\/cn16.pdf\" target=\"_blank\" rel=\"noopener\">Constituci\u00f3n Pol\u00edtica de los Estados Unidos Mexicanos<\/a>; 3\u00b0, fracci\u00f3n XXXIII, 4\u00b0, 16, 17 y 18 de la\u00a0<a href=\"http:\/\/www.dof.gob.mx\/nota_detalle.php?codigo=5469949&amp;fecha=26\/01\/2017\" target=\"_blank\" rel=\"noopener\">Ley General de Protecci\u00f3n de Datos Personales en Posesi\u00f3n de Sujetos Obligados<\/a>\u00a0; 1\u00b0 y 37, fracci\u00f3n XXII de la\u00a0Ley Org\u00e1nica de la Administraci\u00f3n P\u00fablica Federal\u00a0y el art\u00edculo 34, fracci\u00f3n XVI del<a href=\"http:\/\/dof.gob.mx\/nota_detalle.php?codigo=5490821&amp;fecha=19\/07\/2017\" target=\"_blank\" rel=\"noopener\">Reglamento Interior de la Secretar\u00eda de la Funci\u00f3n P\u00fablica.<\/a><\/p>\n<h5>Transferencia de datos personales<\/h5>\n<p>No se realizar\u00e1n transferencias de datos personales, salvo aqu\u00e9llas que sean necesarias para atender requerimientos de informaci\u00f3n de una autoridad competente, que est\u00e9 debidamente fundados y motivados.<\/p>\n<\/div>\n<\/div>\n<!-- AddThis Advanced Settings generic via filter on the_content --><!-- AddThis Share Buttons generic via filter on the_content -->","protected":false},"excerpt":{"rendered":"<p>Aviso de Privacidad Integral de\u00a0todovalle.com TodoValle.com con domicilio en Marina Nacional 133, Colonia Santa mar\u00eda Ahuacatl\u00e1n, Valle de Bravo Edo. de M\u00e9xico, M\u00e9xico, C\u00f3digo Postal 51200, es el sujeto obligado y responsable del tratamiento de los datos personales que se recaban \u00a0a trav\u00e9s de todovalle.com, los cuales ser\u00e1n protegidos conforme a lo dispuesto por la Ley General de Protecci\u00f3n de Datos Personales en Posesi\u00f3n de Sujetos Obligados, y dem\u00e1s normatividad que resulte aplicable. Los datos [&hellip;]<!-- AddThis Advanced Settings generic via filter on get_the_excerpt --><!-- AddThis Share Buttons generic via filter on get_the_excerpt --><\/p>\n","protected":false},"author":1,"featured_media":0,"parent":0,"menu_order":0,"comment_status":"closed","ping_status":"closed","template":"","meta":{"_monsterinsights_skip_tracking":false,"_monsterinsights_sitenote_active":false,"_monsterinsights_sitenote_note":"","_monsterinsights_sitenote_category":0,"footnotes":""},"class_list":["post-834","page","type-page","status-publish","hentry"],"_links":{"self":[{"href":"https:\/\/todovalle.com\/bienes-raices-en-valle-de-bravo\/wp-json\/wp\/v2\/pages\/834","targetHints":{"allow":["GET"]}}],"collection":[{"href":"https:\/\/todovalle.com\/bienes-raices-en-valle-de-bravo\/wp-json\/wp\/v2\/pages"}],"about":[{"href":"https:\/\/todovalle.com\/bienes-raices-en-valle-de-bravo\/wp-json\/wp\/v2\/types\/page"}],"author":[{"embeddable":true,"href":"https:\/\/todovalle.com\/bienes-raices-en-valle-de-bravo\/wp-json\/wp\/v2\/users\/1"}],"replies":[{"embeddable":true,"href":"https:\/\/todovalle.com\/bienes-raices-en-valle-de-bravo\/wp-json\/wp\/v2\/comments?post=834"}],"version-history":[{"count":2,"href":"https:\/\/todovalle.com\/bienes-raices-en-valle-de-bravo\/wp-json\/wp\/v2\/pages\/834\/revisions"}],"predecessor-version":[{"id":6551,"href":"https:\/\/todovalle.com\/bienes-raices-en-valle-de-bravo\/wp-json\/wp\/v2\/pages\/834\/revisions\/6551"}],"wp:attachment":[{"href":"https:\/\/todovalle.com\/bienes-raices-en-valle-de-bravo\/wp-json\/wp\/v2\/media?parent=834"}],"curies":[{"name":"wp","href":"https:\/\/api.w.org\/{rel}","templated":true}]}}