{"id":2762,"date":"2020-09-24T13:05:55","date_gmt":"2020-09-24T18:05:55","guid":{"rendered":"https:\/\/todovalle.com\/bienes-raices-en-valle-de-bravo\/?page_id=2762"},"modified":"2023-05-18T04:52:28","modified_gmt":"2023-05-18T10:52:28","slug":"fractional","status":"publish","type":"page","link":"https:\/\/todovalle.com\/bienes-raices-en-valle-de-bravo\/fractional\/","title":{"rendered":"Fractional"},"content":{"rendered":"\r\n<div class=\"acadp acadp-listings acadp-grid-view\">\r\n\t\t\t<!-- header here -->\r\n        <p>Compra una casa con un esquema de inversi\u00f3n fraccional en el que solo pagas por el tiempo que la utilizas, compartes gastos de mantenimiento con otros copropietarios y eres due\u00f1o de tu propiedad con todos los beneficios que esto implica, incluyendo la plusval\u00eda. En Valle de Bravo, tener tu propia casa nunca hab\u00eda sido tan f\u00e1cil y c\u00f3modo.<\/p>        \r\n                    <div class=\"row acadp-no-margin\">\r\n                <form action=\"https:\/\/todovalle.com\/bienes-raices-en-valle-de-bravo\/fractional\/\" method=\"POST\" class=\"form-inline\">\r\n                    <div class=\"btn-toolbar\" role=\"toolbar\">\r\n                                        \r\n                                                    <!-- Orderby dropdown -->\r\n                            <div class=\"btn-group pull-right acadp-xs-clear-float\" role=\"group\">\r\n                                <div class=\"form-group\">\r\n                                    <select name=\"sort\" class=\"form-control\" onchange=\"this.form.action=this.value; this.form.submit();\">\r\n                                        <option value=\"\/bienes-raices-en-valle-de-bravo\/wp-json\/wp\/v2\/pages\/2762?sort=date-desc\">-- Ordenar por --<\/option><option value=\"\/bienes-raices-en-valle-de-bravo\/wp-json\/wp\/v2\/pages\/2762?sort=title-asc\" >A to Z (title)<\/option><option value=\"\/bienes-raices-en-valle-de-bravo\/wp-json\/wp\/v2\/pages\/2762?sort=title-desc\" >Z to A (title)<\/option><option value=\"\/bienes-raices-en-valle-de-bravo\/wp-json\/wp\/v2\/pages\/2762?sort=date-desc\"  selected='selected'>Recently added (latest)<\/option><option value=\"\/bienes-raices-en-valle-de-bravo\/wp-json\/wp\/v2\/pages\/2762?sort=date-asc\" >Date added (oldest)<\/option><option value=\"\/bienes-raices-en-valle-de-bravo\/wp-json\/wp\/v2\/pages\/2762?sort=views-desc\" >M\u00e1s vistos<\/option><option value=\"\/bienes-raices-en-valle-de-bravo\/wp-json\/wp\/v2\/pages\/2762?sort=views-asc\" >Menos visto<\/option><option value=\"\/bienes-raices-en-valle-de-bravo\/wp-json\/wp\/v2\/pages\/2762?sort=price-asc\" >Price (low to high)<\/option><option value=\"\/bienes-raices-en-valle-de-bravo\/wp-json\/wp\/v2\/pages\/2762?sort=price-desc\" >Price (high to low)<\/option>                                    <\/select>\r\n                                <\/div>\r\n                            <\/div>\r\n                                                \r\n                                           \r\n                    <\/div>\r\n                <\/form>\r\n            <\/div>\r\n                \r\n\t<div class=\"acadp-divider\"><\/div>\r\n    \r\n\t<!-- the loop -->\r\n    <div class=\"acadp-body\">\r\n\t\t    \r\n                            <div class=\"row\">\r\n                        \r\n                <div class=\"col-md-4\">\r\n                    <div class=\"thumbnail acadp-entry\">\r\n                                                    <a href=\"https:\/\/todovalle.com\/bienes-raices-en-valle-de-bravo\/acadp_listings\/nuah-residence\/\" class=\"acadp-responsive-container\"><img decoding=\"async\" src=\"https:\/\/todovalle.com\/bienes-raices-en-valle-de-bravo\/wp-content\/uploads\/2022\/03\/WhatsApp-Image-2022-03-22-at-3.19.42-PM-300x225.jpeg?v=1650138960\" alt=\"\" \/><\/a>      \t\r\n                                        \r\n                        <div class=\"caption\">\r\n                            <div class=\"acadp-listings-title-block\">\r\n                                <h3 class=\"acadp-no-margin\"><a href=\"https:\/\/todovalle.com\/bienes-raices-en-valle-de-bravo\/acadp_listings\/nuah-residence\/\">Nuah Residence<\/a><\/h3>\r\n                            <\/div>\r\n                            \r\n                            <p class=\"acadp-no-margin\"><small class=\"text-muted\"><\/small><\/p><p class=\"acadp-no-margin\"><small><span class=\"glyphicon glyphicon-briefcase\"><\/span>&nbsp;<a href=\"https:\/\/todovalle.com\/bienes-raices-en-valle-de-bravo\/categoria-2\/fractional\/\">Fractional<\/a> \/ <span class=\"glyphicon glyphicon-map-marker\"><\/span>&nbsp;<a href=\"https:\/\/todovalle.com\/bienes-raices-en-valle-de-bravo\/ubicacion\/acatitlan\/\">Acatitl\u00e1n<\/a> \/ <span class=\"label label-success\">Popular<\/span><\/small><\/p><p class=\"lead acadp-listings-price\">MXP 2,400,000.00<\/p>                            \r\n                                                    <\/div>\r\n                    <\/div>\r\n                <\/div>\r\n                \r\n                            <\/div>\r\n                               \r\n            <\/div>\r\n    <!-- end of the loop -->\r\n    \r\n    <!-- use reset postdata to restore orginal query -->\r\n        \r\n    <!-- pagination here -->\r\n    <\/div>\r\n\r\n<div class=\"acadp-social\"><a class=\"acadp-social-link acadp-social-facebook\" href=\"https:\/\/www.facebook.com\/sharer\/sharer.php?u=https:\/\/todovalle.com\/bienes-raices-en-valle-de-bravo\/wp-json\/wp\/v2\/pages\/2762\" target=\"_blank\">Facebook<\/a> <a class=\"acadp-social-link acadp-social-twitter\" href=\"https:\/\/twitter.com\/intent\/tweet?text=Nuah%20Residence&amp;url=https:\/\/todovalle.com\/bienes-raices-en-valle-de-bravo\/wp-json\/wp\/v2\/pages\/2762\" target=\"_blank\">Twiter<\/a> <a class=\"acadp-social-link acadp-social-whatsapp\" href=\"https:\/\/api.whatsapp.com\/send?text=Nuah%20Residence&nbsp;https:\/\/todovalle.com\/bienes-raices-en-valle-de-bravo\/wp-json\/wp\/v2\/pages\/2762\" target=\"_blank\" data-text=\"Nuah%20Residence\" data-link=\"https:\/\/todovalle.com\/bienes-raices-en-valle-de-bravo\/wp-json\/wp\/v2\/pages\/2762\">WhatsApp<\/a><\/div>\n<p>\u00bfQuieres tener una casa en Valle de Bravo sin preocuparte por el mantenimiento o la limpieza? Invertir en una propiedad fractional es la soluci\u00f3n perfecta para ti. Al ser copropietario, solo pagar\u00e1s por el tiempo que utilices la propiedad y compartir\u00e1s los gastos de mantenimiento con los dem\u00e1s propietarios. Ser\u00e1s due\u00f1o de tu propiedad y de su plusval\u00eda, a diferencia de los tiempos compartidos donde solo puedes hacer uso de la propiedad por un tiempo limitado.<\/p>\n<h2>Lim\u00edtate a disfrutar tu propiedad fractional<\/h2>\n<p>Adem\u00e1s, no tendr\u00e1s que preocuparte por la limpieza, la cocina o el mantenimiento durante tu estancia. Todo estar\u00e1 cuidado para ti. Tener una casa en Valle de Bravo nunca ha sido tan f\u00e1cil y c\u00f3modo. Olv\u00eddate de las preocupaciones y disfruta de la vida en Valle de Bravo sin estr\u00e9s.<\/p>\n<p>Las propiedades fractional ofrecen una gran oportunidad para aquellos que desean tener una casa en Valle de Bravo sin comprometerse con el mantenimiento y la limpieza. Al ser copropietario, no solo tendr\u00e1s una casa en un lugar incre\u00edble, sino que tambi\u00e9n tendr\u00e1s la oportunidad de compartir la experiencia con amigos y familiares. Aprovecha esta oportunidad y disfruta de las bondades de la vida en Valle de Bravo sin preocupaciones. \u00a1Cont\u00e1ctanos y te ayudaremos a encontrar la propiedad fraccional perfecta para ti!<\/p>\n<h2>Principales ventajas<\/h2>\n<ul>\n<li>Inversi\u00f3n en propiedad fraccional en Valle de Bravo.<\/li>\n<li>Solo paga por el tiempo que utiliza la propiedad.<\/li>\n<li>Disfruta de la vida en Valle de Bravo sin preocupaciones.<\/li>\n<\/ul>\n<p>Si buscas una casa en Valle de Bravo sin preocupaciones, invertir en una propiedad fraccional es la soluci\u00f3n perfecta. Ser\u00e1s copropietario y solo pagar\u00e1s por el tiempo que utilices la propiedad. Adem\u00e1s, compartir\u00e1s los gastos de mantenimiento con los dem\u00e1s propietarios.<\/p>\n<p>Propiedades fractional son ideales para tener una casa en Valle de Bravo sin preocupaciones de mantenimiento y compartir gastos con otros propietarios. Disfruta la vida sin preocupaciones.<img loading=\"lazy\" decoding=\"async\" class=\"alignnone size-medium wp-image-6048\" src=\"https:\/\/todovalle.com\/bienes-raices-en-valle-de-bravo\/wp-content\/uploads\/2023\/03\/alberca-300x177.jpg\" alt=\"\" width=\"300\" height=\"177\"><\/p>\n<!-- AddThis Advanced Settings generic via filter on the_content --><!-- AddThis Share Buttons generic via filter on the_content -->","protected":false},"excerpt":{"rendered":"<p>\u00bfQuieres tener una casa en Valle de Bravo sin preocuparte por el mantenimiento o la limpieza? Invertir en una propiedad fractional es la soluci\u00f3n perfecta para ti. Al ser copropietario, solo pagar\u00e1s por el tiempo que utilices la propiedad y compartir\u00e1s los gastos de mantenimiento con los dem\u00e1s propietarios. Ser\u00e1s due\u00f1o de tu propiedad y de su plusval\u00eda, a diferencia de los tiempos compartidos donde solo puedes hacer uso de la propiedad por un tiempo [&hellip;]<!-- AddThis Advanced Settings generic via filter on get_the_excerpt --><!-- AddThis Share Buttons generic via filter on get_the_excerpt --><\/p>\n","protected":false},"author":1,"featured_media":0,"parent":0,"menu_order":0,"comment_status":"closed","ping_status":"closed","template":"","meta":{"_monsterinsights_skip_tracking":false,"_monsterinsights_sitenote_active":false,"_monsterinsights_sitenote_note":"","_monsterinsights_sitenote_category":0,"footnotes":""},"class_list":["post-2762","page","type-page","status-publish","hentry"],"_links":{"self":[{"href":"https:\/\/todovalle.com\/bienes-raices-en-valle-de-bravo\/wp-json\/wp\/v2\/pages\/2762","targetHints":{"allow":["GET"]}}],"collection":[{"href":"https:\/\/todovalle.com\/bienes-raices-en-valle-de-bravo\/wp-json\/wp\/v2\/pages"}],"about":[{"href":"https:\/\/todovalle.com\/bienes-raices-en-valle-de-bravo\/wp-json\/wp\/v2\/types\/page"}],"author":[{"embeddable":true,"href":"https:\/\/todovalle.com\/bienes-raices-en-valle-de-bravo\/wp-json\/wp\/v2\/users\/1"}],"replies":[{"embeddable":true,"href":"https:\/\/todovalle.com\/bienes-raices-en-valle-de-bravo\/wp-json\/wp\/v2\/comments?post=2762"}],"version-history":[{"count":6,"href":"https:\/\/todovalle.com\/bienes-raices-en-valle-de-bravo\/wp-json\/wp\/v2\/pages\/2762\/revisions"}],"predecessor-version":[{"id":6300,"href":"https:\/\/todovalle.com\/bienes-raices-en-valle-de-bravo\/wp-json\/wp\/v2\/pages\/2762\/revisions\/6300"}],"wp:attachment":[{"href":"https:\/\/todovalle.com\/bienes-raices-en-valle-de-bravo\/wp-json\/wp\/v2\/media?parent=2762"}],"curies":[{"name":"wp","href":"https:\/\/api.w.org\/{rel}","templated":true}]}}